{"id":2118,"date":"2020-08-19T15:25:43","date_gmt":"2020-08-19T13:25:43","guid":{"rendered":"https:\/\/www.hurtz.de\/?page_id=2118"},"modified":"2025-07-29T14:19:49","modified_gmt":"2025-07-29T12:19:49","slug":"reparaturservice","status":"publish","type":"page","link":"https:\/\/www.hurtz.de\/en\/produkte\/paletten\/reparaturservice\/","title":{"rendered":"Repair Service"},"content":{"rendered":"","protected":false},"excerpt":{"rendered":"","protected":false},"author":1,"featured_media":2327,"parent":1920,"menu_order":0,"comment_status":"closed","ping_status":"closed","template":"page_builder.php","meta":{"footnotes":""},"categories":[138],"tags":[],"class_list":["post-2118","page","type-page","status-publish","has-post-thumbnail","hentry","category-reparaturservice"],"yoast_head":"<!-- This site is optimized with the Yoast SEO plugin v27.3 - https:\/\/yoast.com\/product\/yoast-seo-wordpress\/ -->\n<title>Reparaturservice f\u00fcr Paletten &amp; Bauteile | Hurtz Metalltechnik<\/title>\n<meta name=\"description\" content=\"Umfassender Reparaturservice f\u00fcr defekte Aluminiumpaletten. Ausbesserungs- und Richtarbeiten und erneuern von besch\u00e4digten Kufenteilen.\" \/>\n<meta name=\"robots\" content=\"index, follow, max-snippet:-1, max-image-preview:large, max-video-preview:-1\" \/>\n<link rel=\"canonical\" href=\"https:\/\/www.hurtz.de\/en\/produkte\/paletten\/reparaturservice\/\" \/>\n<meta property=\"og:locale\" content=\"en_GB\" \/>\n<meta property=\"og:type\" content=\"article\" \/>\n<meta property=\"og:title\" content=\"Reparaturservice f\u00fcr Paletten &amp; Bauteile | Hurtz Metalltechnik\" \/>\n<meta property=\"og:description\" content=\"Umfassender Reparaturservice f\u00fcr defekte Aluminiumpaletten. Ausbesserungs- und Richtarbeiten und erneuern von besch\u00e4digten Kufenteilen.\" \/>\n<meta property=\"og:url\" content=\"https:\/\/www.hurtz.de\/en\/produkte\/paletten\/reparaturservice\/\" \/>\n<meta property=\"og:site_name\" content=\"Anton Hurtz GmbH &amp; Co. KG\" \/>\n<meta property=\"article:modified_time\" content=\"2025-07-29T12:19:49+00:00\" \/>\n<meta property=\"og:image\" content=\"https:\/\/www.hurtz.de\/wp-content\/uploads\/2020\/09\/IMG_20200828_151533-scaled.jpg\" \/>\n\t<meta property=\"og:image:width\" content=\"2560\" \/>\n\t<meta property=\"og:image:height\" content=\"1920\" \/>\n\t<meta property=\"og:image:type\" content=\"image\/jpeg\" \/>\n<meta name=\"twitter:card\" content=\"summary_large_image\" \/>\n<meta name=\"twitter:label1\" content=\"Estimated reading time\" \/>\n\t<meta name=\"twitter:data1\" content=\"1 minute\" \/>\n<script type=\"application\/ld+json\" class=\"yoast-schema-graph\">{\"@context\":\"https:\\\/\\\/schema.org\",\"@graph\":[{\"@type\":\"WebPage\",\"@id\":\"https:\\\/\\\/www.hurtz.de\\\/produkte\\\/paletten\\\/reparaturservice\\\/\",\"url\":\"https:\\\/\\\/www.hurtz.de\\\/produkte\\\/paletten\\\/reparaturservice\\\/\",\"name\":\"Reparaturservice f\u00fcr Paletten & Bauteile | Hurtz Metalltechnik\",\"isPartOf\":{\"@id\":\"https:\\\/\\\/www.hurtz.de\\\/#website\"},\"primaryImageOfPage\":{\"@id\":\"https:\\\/\\\/www.hurtz.de\\\/produkte\\\/paletten\\\/reparaturservice\\\/#primaryimage\"},\"image\":{\"@id\":\"https:\\\/\\\/www.hurtz.de\\\/produkte\\\/paletten\\\/reparaturservice\\\/#primaryimage\"},\"thumbnailUrl\":\"https:\\\/\\\/www.hurtz.de\\\/wp-content\\\/uploads\\\/2020\\\/09\\\/IMG_20200828_151533-scaled.jpg\",\"datePublished\":\"2020-08-19T13:25:43+00:00\",\"dateModified\":\"2025-07-29T12:19:49+00:00\",\"description\":\"Umfassender Reparaturservice f\u00fcr defekte Aluminiumpaletten. Ausbesserungs- und Richtarbeiten und erneuern von besch\u00e4digten Kufenteilen.\",\"breadcrumb\":{\"@id\":\"https:\\\/\\\/www.hurtz.de\\\/produkte\\\/paletten\\\/reparaturservice\\\/#breadcrumb\"},\"inLanguage\":\"en-GB\",\"potentialAction\":[{\"@type\":\"ReadAction\",\"target\":[\"https:\\\/\\\/www.hurtz.de\\\/produkte\\\/paletten\\\/reparaturservice\\\/\"]}]},{\"@type\":\"ImageObject\",\"inLanguage\":\"en-GB\",\"@id\":\"https:\\\/\\\/www.hurtz.de\\\/produkte\\\/paletten\\\/reparaturservice\\\/#primaryimage\",\"url\":\"https:\\\/\\\/www.hurtz.de\\\/wp-content\\\/uploads\\\/2020\\\/09\\\/IMG_20200828_151533-scaled.jpg\",\"contentUrl\":\"https:\\\/\\\/www.hurtz.de\\\/wp-content\\\/uploads\\\/2020\\\/09\\\/IMG_20200828_151533-scaled.jpg\",\"width\":2560,\"height\":1920,\"caption\":\"Reparaturpaletten\"},{\"@type\":\"BreadcrumbList\",\"@id\":\"https:\\\/\\\/www.hurtz.de\\\/produkte\\\/paletten\\\/reparaturservice\\\/#breadcrumb\",\"itemListElement\":[{\"@type\":\"ListItem\",\"position\":1,\"name\":\"Startseite\",\"item\":\"https:\\\/\\\/www.hurtz.de\\\/\"},{\"@type\":\"ListItem\",\"position\":2,\"name\":\"Produkte\",\"item\":\"https:\\\/\\\/www.hurtz.de\\\/\"},{\"@type\":\"ListItem\",\"position\":3,\"name\":\"Paletten\",\"item\":\"https:\\\/\\\/www.hurtz.de\\\/produkte\\\/paletten\\\/\"},{\"@type\":\"ListItem\",\"position\":4,\"name\":\"Reparaturservice\"}]},{\"@type\":\"WebSite\",\"@id\":\"https:\\\/\\\/www.hurtz.de\\\/#website\",\"url\":\"https:\\\/\\\/www.hurtz.de\\\/\",\"name\":\"Anton Hurtz GmbH & Co. KG\",\"description\":\"Ihr Spezialist f\u00fcr Aluminium Paletten, Container, Gitterboxen, Ladungstr\u00e4ger und Rahmen aller Art.\",\"publisher\":{\"@id\":\"https:\\\/\\\/www.hurtz.de\\\/#organization\"},\"potentialAction\":[{\"@type\":\"SearchAction\",\"target\":{\"@type\":\"EntryPoint\",\"urlTemplate\":\"https:\\\/\\\/www.hurtz.de\\\/?s={search_term_string}\"},\"query-input\":{\"@type\":\"PropertyValueSpecification\",\"valueRequired\":true,\"valueName\":\"search_term_string\"}}],\"inLanguage\":\"en-GB\"},{\"@type\":\"Organization\",\"@id\":\"https:\\\/\\\/www.hurtz.de\\\/#organization\",\"name\":\"Anton Hurtz GmbH & Co. KG\",\"url\":\"https:\\\/\\\/www.hurtz.de\\\/\",\"logo\":{\"@type\":\"ImageObject\",\"inLanguage\":\"en-GB\",\"@id\":\"https:\\\/\\\/www.hurtz.de\\\/#\\\/schema\\\/logo\\\/image\\\/\",\"url\":\"https:\\\/\\\/www.hurtz.de\\\/wp-content\\\/uploads\\\/2020\\\/08\\\/Logo_Hurtz_2020-1.png\",\"contentUrl\":\"https:\\\/\\\/www.hurtz.de\\\/wp-content\\\/uploads\\\/2020\\\/08\\\/Logo_Hurtz_2020-1.png\",\"width\":120,\"height\":82,\"caption\":\"Anton Hurtz GmbH & Co. KG\"},\"image\":{\"@id\":\"https:\\\/\\\/www.hurtz.de\\\/#\\\/schema\\\/logo\\\/image\\\/\"},\"sameAs\":[\"https:\\\/\\\/www.linkedin.com\\\/company\\\/anton-hurtz\",\"https:\\\/\\\/www.xing.com\\\/pages\\\/antonhurtz\",\"https:\\\/\\\/www.youtube.com\\\/channel\\\/UCsG4r489nNVELiFYpP0WxnQ\"]}]}<\/script>\n<!-- \/ Yoast SEO plugin. -->","yoast_head_json":{"title":"Reparaturservice f\u00fcr Paletten & Bauteile | Hurtz Metalltechnik","description":"Umfassender Reparaturservice f\u00fcr defekte Aluminiumpaletten. Ausbesserungs- und Richtarbeiten und erneuern von besch\u00e4digten Kufenteilen.","robots":{"index":"index","follow":"follow","max-snippet":"max-snippet:-1","max-image-preview":"max-image-preview:large","max-video-preview":"max-video-preview:-1"},"canonical":"https:\/\/www.hurtz.de\/en\/produkte\/paletten\/reparaturservice\/","og_locale":"en_GB","og_type":"article","og_title":"Reparaturservice f\u00fcr Paletten & Bauteile | Hurtz Metalltechnik","og_description":"Umfassender Reparaturservice f\u00fcr defekte Aluminiumpaletten. Ausbesserungs- und Richtarbeiten und erneuern von besch\u00e4digten Kufenteilen.","og_url":"https:\/\/www.hurtz.de\/en\/produkte\/paletten\/reparaturservice\/","og_site_name":"Anton Hurtz GmbH &amp; Co. KG","article_modified_time":"2025-07-29T12:19:49+00:00","og_image":[{"width":2560,"height":1920,"url":"https:\/\/www.hurtz.de\/wp-content\/uploads\/2020\/09\/IMG_20200828_151533-scaled.jpg","type":"image\/jpeg"}],"twitter_card":"summary_large_image","twitter_misc":{"Estimated reading time":"1 minute"},"schema":{"@context":"https:\/\/schema.org","@graph":[{"@type":"WebPage","@id":"https:\/\/www.hurtz.de\/produkte\/paletten\/reparaturservice\/","url":"https:\/\/www.hurtz.de\/produkte\/paletten\/reparaturservice\/","name":"Reparaturservice f\u00fcr Paletten & Bauteile | Hurtz Metalltechnik","isPartOf":{"@id":"https:\/\/www.hurtz.de\/#website"},"primaryImageOfPage":{"@id":"https:\/\/www.hurtz.de\/produkte\/paletten\/reparaturservice\/#primaryimage"},"image":{"@id":"https:\/\/www.hurtz.de\/produkte\/paletten\/reparaturservice\/#primaryimage"},"thumbnailUrl":"https:\/\/www.hurtz.de\/wp-content\/uploads\/2020\/09\/IMG_20200828_151533-scaled.jpg","datePublished":"2020-08-19T13:25:43+00:00","dateModified":"2025-07-29T12:19:49+00:00","description":"Umfassender Reparaturservice f\u00fcr defekte Aluminiumpaletten. Ausbesserungs- und Richtarbeiten und erneuern von besch\u00e4digten Kufenteilen.","breadcrumb":{"@id":"https:\/\/www.hurtz.de\/produkte\/paletten\/reparaturservice\/#breadcrumb"},"inLanguage":"en-GB","potentialAction":[{"@type":"ReadAction","target":["https:\/\/www.hurtz.de\/produkte\/paletten\/reparaturservice\/"]}]},{"@type":"ImageObject","inLanguage":"en-GB","@id":"https:\/\/www.hurtz.de\/produkte\/paletten\/reparaturservice\/#primaryimage","url":"https:\/\/www.hurtz.de\/wp-content\/uploads\/2020\/09\/IMG_20200828_151533-scaled.jpg","contentUrl":"https:\/\/www.hurtz.de\/wp-content\/uploads\/2020\/09\/IMG_20200828_151533-scaled.jpg","width":2560,"height":1920,"caption":"Reparaturpaletten"},{"@type":"BreadcrumbList","@id":"https:\/\/www.hurtz.de\/produkte\/paletten\/reparaturservice\/#breadcrumb","itemListElement":[{"@type":"ListItem","position":1,"name":"Startseite","item":"https:\/\/www.hurtz.de\/"},{"@type":"ListItem","position":2,"name":"Produkte","item":"https:\/\/www.hurtz.de\/"},{"@type":"ListItem","position":3,"name":"Paletten","item":"https:\/\/www.hurtz.de\/produkte\/paletten\/"},{"@type":"ListItem","position":4,"name":"Reparaturservice"}]},{"@type":"WebSite","@id":"https:\/\/www.hurtz.de\/#website","url":"https:\/\/www.hurtz.de\/","name":"Anton Hurtz GmbH & Co. KG","description":"Ihr Spezialist f\u00fcr Aluminium Paletten, Container, Gitterboxen, Ladungstr\u00e4ger und Rahmen aller Art.","publisher":{"@id":"https:\/\/www.hurtz.de\/#organization"},"potentialAction":[{"@type":"SearchAction","target":{"@type":"EntryPoint","urlTemplate":"https:\/\/www.hurtz.de\/?s={search_term_string}"},"query-input":{"@type":"PropertyValueSpecification","valueRequired":true,"valueName":"search_term_string"}}],"inLanguage":"en-GB"},{"@type":"Organization","@id":"https:\/\/www.hurtz.de\/#organization","name":"Anton Hurtz GmbH & Co. KG","url":"https:\/\/www.hurtz.de\/","logo":{"@type":"ImageObject","inLanguage":"en-GB","@id":"https:\/\/www.hurtz.de\/#\/schema\/logo\/image\/","url":"https:\/\/www.hurtz.de\/wp-content\/uploads\/2020\/08\/Logo_Hurtz_2020-1.png","contentUrl":"https:\/\/www.hurtz.de\/wp-content\/uploads\/2020\/08\/Logo_Hurtz_2020-1.png","width":120,"height":82,"caption":"Anton Hurtz GmbH & Co. KG"},"image":{"@id":"https:\/\/www.hurtz.de\/#\/schema\/logo\/image\/"},"sameAs":["https:\/\/www.linkedin.com\/company\/anton-hurtz","https:\/\/www.xing.com\/pages\/antonhurtz","https:\/\/www.youtube.com\/channel\/UCsG4r489nNVELiFYpP0WxnQ"]}]}},"_links":{"self":[{"href":"https:\/\/www.hurtz.de\/en\/wp-json\/wp\/v2\/pages\/2118","targetHints":{"allow":["GET"]}}],"collection":[{"href":"https:\/\/www.hurtz.de\/en\/wp-json\/wp\/v2\/pages"}],"about":[{"href":"https:\/\/www.hurtz.de\/en\/wp-json\/wp\/v2\/types\/page"}],"author":[{"embeddable":true,"href":"https:\/\/www.hurtz.de\/en\/wp-json\/wp\/v2\/users\/1"}],"replies":[{"embeddable":true,"href":"https:\/\/www.hurtz.de\/en\/wp-json\/wp\/v2\/comments?post=2118"}],"version-history":[{"count":25,"href":"https:\/\/www.hurtz.de\/en\/wp-json\/wp\/v2\/pages\/2118\/revisions"}],"predecessor-version":[{"id":3538,"href":"https:\/\/www.hurtz.de\/en\/wp-json\/wp\/v2\/pages\/2118\/revisions\/3538"}],"up":[{"embeddable":true,"href":"https:\/\/www.hurtz.de\/en\/wp-json\/wp\/v2\/pages\/1920"}],"wp:featuredmedia":[{"embeddable":true,"href":"https:\/\/www.hurtz.de\/en\/wp-json\/wp\/v2\/media\/2327"}],"wp:attachment":[{"href":"https:\/\/www.hurtz.de\/en\/wp-json\/wp\/v2\/media?parent=2118"}],"wp:term":[{"taxonomy":"category","embeddable":true,"href":"https:\/\/www.hurtz.de\/en\/wp-json\/wp\/v2\/categories?post=2118"},{"taxonomy":"post_tag","embeddable":true,"href":"https:\/\/www.hurtz.de\/en\/wp-json\/wp\/v2\/tags?post=2118"}],"curies":[{"name":"wp","href":"https:\/\/api.w.org\/{rel}","templated":true}]}}