{"id":2043,"date":"2020-08-19T13:14:49","date_gmt":"2020-08-19T11:14:49","guid":{"rendered":"https:\/\/www.hurtz.de\/?page_id=2043"},"modified":"2025-07-07T13:32:11","modified_gmt":"2025-07-07T11:32:11","slug":"cnc-bearbeitungen","status":"publish","type":"page","link":"https:\/\/www.hurtz.de\/en\/leistungen\/cnc-bearbeitungen\/","title":{"rendered":"CNC processing"},"content":{"rendered":"","protected":false},"excerpt":{"rendered":"","protected":false},"author":1,"featured_media":0,"parent":2016,"menu_order":0,"comment_status":"closed","ping_status":"closed","template":"page_builder.php","meta":{"footnotes":""},"categories":[],"tags":[],"class_list":["post-2043","page","type-page","status-publish","hentry"],"yoast_head":"<!-- This site is optimized with the Yoast SEO plugin v27.3 - https:\/\/yoast.com\/product\/yoast-seo-wordpress\/ -->\n<title>CNC-Bearbeitung \u2013 Fr\u00e4sen, Drehen nach Zeichnung &amp; Stepmodell<\/title>\n<meta name=\"description\" content=\"NC-Bearbeitung in Klein- &amp; Gro\u00dfserie: Fr\u00e4sen, Drehen, Prototypen &amp; Serienfertigung nach Zeichnung oder Stepmodell \u2013 pr\u00e4zise &amp; individuell\" \/>\n<meta name=\"robots\" content=\"index, follow, max-snippet:-1, max-image-preview:large, max-video-preview:-1\" \/>\n<link rel=\"canonical\" href=\"https:\/\/www.hurtz.de\/en\/leistungen\/cnc-bearbeitungen\/\" \/>\n<meta property=\"og:locale\" content=\"en_GB\" \/>\n<meta property=\"og:type\" content=\"article\" \/>\n<meta property=\"og:title\" content=\"CNC-Bearbeitung \u2013 Fr\u00e4sen, Drehen nach Zeichnung &amp; Stepmodell\" \/>\n<meta property=\"og:description\" content=\"NC-Bearbeitung in Klein- &amp; Gro\u00dfserie: Fr\u00e4sen, Drehen, Prototypen &amp; Serienfertigung nach Zeichnung oder Stepmodell \u2013 pr\u00e4zise &amp; individuell\" \/>\n<meta property=\"og:url\" content=\"https:\/\/www.hurtz.de\/en\/leistungen\/cnc-bearbeitungen\/\" \/>\n<meta property=\"og:site_name\" content=\"Anton Hurtz GmbH &amp; Co. KG\" \/>\n<meta property=\"article:modified_time\" content=\"2025-07-07T11:32:11+00:00\" \/>\n<meta name=\"twitter:card\" content=\"summary_large_image\" \/>\n<script type=\"application\/ld+json\" class=\"yoast-schema-graph\">{\"@context\":\"https:\\\/\\\/schema.org\",\"@graph\":[{\"@type\":\"WebPage\",\"@id\":\"https:\\\/\\\/www.hurtz.de\\\/leistungen\\\/cnc-bearbeitungen\\\/\",\"url\":\"https:\\\/\\\/www.hurtz.de\\\/leistungen\\\/cnc-bearbeitungen\\\/\",\"name\":\"CNC-Bearbeitung \u2013 Fr\u00e4sen, Drehen nach Zeichnung & Stepmodell\",\"isPartOf\":{\"@id\":\"https:\\\/\\\/www.hurtz.de\\\/#website\"},\"datePublished\":\"2020-08-19T11:14:49+00:00\",\"dateModified\":\"2025-07-07T11:32:11+00:00\",\"description\":\"NC-Bearbeitung in Klein- & Gro\u00dfserie: Fr\u00e4sen, Drehen, Prototypen & Serienfertigung nach Zeichnung oder Stepmodell \u2013 pr\u00e4zise & individuell\",\"breadcrumb\":{\"@id\":\"https:\\\/\\\/www.hurtz.de\\\/leistungen\\\/cnc-bearbeitungen\\\/#breadcrumb\"},\"inLanguage\":\"en-GB\",\"potentialAction\":[{\"@type\":\"ReadAction\",\"target\":[\"https:\\\/\\\/www.hurtz.de\\\/leistungen\\\/cnc-bearbeitungen\\\/\"]}]},{\"@type\":\"BreadcrumbList\",\"@id\":\"https:\\\/\\\/www.hurtz.de\\\/leistungen\\\/cnc-bearbeitungen\\\/#breadcrumb\",\"itemListElement\":[{\"@type\":\"ListItem\",\"position\":1,\"name\":\"Startseite\",\"item\":\"https:\\\/\\\/www.hurtz.de\\\/\"},{\"@type\":\"ListItem\",\"position\":2,\"name\":\"Leistungen\",\"item\":\"https:\\\/\\\/www.hurtz.de\\\/leistungen\\\/\"},{\"@type\":\"ListItem\",\"position\":3,\"name\":\"CNC Bearbeitungen\"}]},{\"@type\":\"WebSite\",\"@id\":\"https:\\\/\\\/www.hurtz.de\\\/#website\",\"url\":\"https:\\\/\\\/www.hurtz.de\\\/\",\"name\":\"Anton Hurtz GmbH & Co. KG\",\"description\":\"Ihr Spezialist f\u00fcr Aluminium Paletten, Container, Gitterboxen, Ladungstr\u00e4ger und Rahmen aller Art.\",\"publisher\":{\"@id\":\"https:\\\/\\\/www.hurtz.de\\\/#organization\"},\"potentialAction\":[{\"@type\":\"SearchAction\",\"target\":{\"@type\":\"EntryPoint\",\"urlTemplate\":\"https:\\\/\\\/www.hurtz.de\\\/?s={search_term_string}\"},\"query-input\":{\"@type\":\"PropertyValueSpecification\",\"valueRequired\":true,\"valueName\":\"search_term_string\"}}],\"inLanguage\":\"en-GB\"},{\"@type\":\"Organization\",\"@id\":\"https:\\\/\\\/www.hurtz.de\\\/#organization\",\"name\":\"Anton Hurtz GmbH & Co. KG\",\"url\":\"https:\\\/\\\/www.hurtz.de\\\/\",\"logo\":{\"@type\":\"ImageObject\",\"inLanguage\":\"en-GB\",\"@id\":\"https:\\\/\\\/www.hurtz.de\\\/#\\\/schema\\\/logo\\\/image\\\/\",\"url\":\"https:\\\/\\\/www.hurtz.de\\\/wp-content\\\/uploads\\\/2020\\\/08\\\/Logo_Hurtz_2020-1.png\",\"contentUrl\":\"https:\\\/\\\/www.hurtz.de\\\/wp-content\\\/uploads\\\/2020\\\/08\\\/Logo_Hurtz_2020-1.png\",\"width\":120,\"height\":82,\"caption\":\"Anton Hurtz GmbH & Co. KG\"},\"image\":{\"@id\":\"https:\\\/\\\/www.hurtz.de\\\/#\\\/schema\\\/logo\\\/image\\\/\"},\"sameAs\":[\"https:\\\/\\\/www.linkedin.com\\\/company\\\/anton-hurtz\",\"https:\\\/\\\/www.xing.com\\\/pages\\\/antonhurtz\",\"https:\\\/\\\/www.youtube.com\\\/channel\\\/UCsG4r489nNVELiFYpP0WxnQ\"]}]}<\/script>\n<!-- \/ Yoast SEO plugin. -->","yoast_head_json":{"title":"CNC-Bearbeitung \u2013 Fr\u00e4sen, Drehen nach Zeichnung & Stepmodell","description":"NC-Bearbeitung in Klein- & Gro\u00dfserie: Fr\u00e4sen, Drehen, Prototypen & Serienfertigung nach Zeichnung oder Stepmodell \u2013 pr\u00e4zise & individuell","robots":{"index":"index","follow":"follow","max-snippet":"max-snippet:-1","max-image-preview":"max-image-preview:large","max-video-preview":"max-video-preview:-1"},"canonical":"https:\/\/www.hurtz.de\/en\/leistungen\/cnc-bearbeitungen\/","og_locale":"en_GB","og_type":"article","og_title":"CNC-Bearbeitung \u2013 Fr\u00e4sen, Drehen nach Zeichnung & Stepmodell","og_description":"NC-Bearbeitung in Klein- & Gro\u00dfserie: Fr\u00e4sen, Drehen, Prototypen & Serienfertigung nach Zeichnung oder Stepmodell \u2013 pr\u00e4zise & individuell","og_url":"https:\/\/www.hurtz.de\/en\/leistungen\/cnc-bearbeitungen\/","og_site_name":"Anton Hurtz GmbH &amp; Co. KG","article_modified_time":"2025-07-07T11:32:11+00:00","twitter_card":"summary_large_image","schema":{"@context":"https:\/\/schema.org","@graph":[{"@type":"WebPage","@id":"https:\/\/www.hurtz.de\/leistungen\/cnc-bearbeitungen\/","url":"https:\/\/www.hurtz.de\/leistungen\/cnc-bearbeitungen\/","name":"CNC-Bearbeitung \u2013 Fr\u00e4sen, Drehen nach Zeichnung & Stepmodell","isPartOf":{"@id":"https:\/\/www.hurtz.de\/#website"},"datePublished":"2020-08-19T11:14:49+00:00","dateModified":"2025-07-07T11:32:11+00:00","description":"NC-Bearbeitung in Klein- & Gro\u00dfserie: Fr\u00e4sen, Drehen, Prototypen & Serienfertigung nach Zeichnung oder Stepmodell \u2013 pr\u00e4zise & individuell","breadcrumb":{"@id":"https:\/\/www.hurtz.de\/leistungen\/cnc-bearbeitungen\/#breadcrumb"},"inLanguage":"en-GB","potentialAction":[{"@type":"ReadAction","target":["https:\/\/www.hurtz.de\/leistungen\/cnc-bearbeitungen\/"]}]},{"@type":"BreadcrumbList","@id":"https:\/\/www.hurtz.de\/leistungen\/cnc-bearbeitungen\/#breadcrumb","itemListElement":[{"@type":"ListItem","position":1,"name":"Startseite","item":"https:\/\/www.hurtz.de\/"},{"@type":"ListItem","position":2,"name":"Leistungen","item":"https:\/\/www.hurtz.de\/leistungen\/"},{"@type":"ListItem","position":3,"name":"CNC Bearbeitungen"}]},{"@type":"WebSite","@id":"https:\/\/www.hurtz.de\/#website","url":"https:\/\/www.hurtz.de\/","name":"Anton Hurtz GmbH & Co. KG","description":"Ihr Spezialist f\u00fcr Aluminium Paletten, Container, Gitterboxen, Ladungstr\u00e4ger und Rahmen aller Art.","publisher":{"@id":"https:\/\/www.hurtz.de\/#organization"},"potentialAction":[{"@type":"SearchAction","target":{"@type":"EntryPoint","urlTemplate":"https:\/\/www.hurtz.de\/?s={search_term_string}"},"query-input":{"@type":"PropertyValueSpecification","valueRequired":true,"valueName":"search_term_string"}}],"inLanguage":"en-GB"},{"@type":"Organization","@id":"https:\/\/www.hurtz.de\/#organization","name":"Anton Hurtz GmbH & Co. KG","url":"https:\/\/www.hurtz.de\/","logo":{"@type":"ImageObject","inLanguage":"en-GB","@id":"https:\/\/www.hurtz.de\/#\/schema\/logo\/image\/","url":"https:\/\/www.hurtz.de\/wp-content\/uploads\/2020\/08\/Logo_Hurtz_2020-1.png","contentUrl":"https:\/\/www.hurtz.de\/wp-content\/uploads\/2020\/08\/Logo_Hurtz_2020-1.png","width":120,"height":82,"caption":"Anton Hurtz GmbH & Co. KG"},"image":{"@id":"https:\/\/www.hurtz.de\/#\/schema\/logo\/image\/"},"sameAs":["https:\/\/www.linkedin.com\/company\/anton-hurtz","https:\/\/www.xing.com\/pages\/antonhurtz","https:\/\/www.youtube.com\/channel\/UCsG4r489nNVELiFYpP0WxnQ"]}]}},"_links":{"self":[{"href":"https:\/\/www.hurtz.de\/en\/wp-json\/wp\/v2\/pages\/2043","targetHints":{"allow":["GET"]}}],"collection":[{"href":"https:\/\/www.hurtz.de\/en\/wp-json\/wp\/v2\/pages"}],"about":[{"href":"https:\/\/www.hurtz.de\/en\/wp-json\/wp\/v2\/types\/page"}],"author":[{"embeddable":true,"href":"https:\/\/www.hurtz.de\/en\/wp-json\/wp\/v2\/users\/1"}],"replies":[{"embeddable":true,"href":"https:\/\/www.hurtz.de\/en\/wp-json\/wp\/v2\/comments?post=2043"}],"version-history":[{"count":20,"href":"https:\/\/www.hurtz.de\/en\/wp-json\/wp\/v2\/pages\/2043\/revisions"}],"predecessor-version":[{"id":3524,"href":"https:\/\/www.hurtz.de\/en\/wp-json\/wp\/v2\/pages\/2043\/revisions\/3524"}],"up":[{"embeddable":true,"href":"https:\/\/www.hurtz.de\/en\/wp-json\/wp\/v2\/pages\/2016"}],"wp:attachment":[{"href":"https:\/\/www.hurtz.de\/en\/wp-json\/wp\/v2\/media?parent=2043"}],"wp:term":[{"taxonomy":"category","embeddable":true,"href":"https:\/\/www.hurtz.de\/en\/wp-json\/wp\/v2\/categories?post=2043"},{"taxonomy":"post_tag","embeddable":true,"href":"https:\/\/www.hurtz.de\/en\/wp-json\/wp\/v2\/tags?post=2043"}],"curies":[{"name":"wp","href":"https:\/\/api.w.org\/{rel}","templated":true}]}}