{"id":2001,"date":"2020-08-19T12:29:21","date_gmt":"2020-08-19T10:29:21","guid":{"rendered":"https:\/\/www.hurtz.de\/?page_id=2001"},"modified":"2026-03-27T11:52:21","modified_gmt":"2026-03-27T10:52:21","slug":"pharma-food","status":"publish","type":"page","link":"https:\/\/www.hurtz.de\/en\/geschaeftsbereiche\/pharma-food\/","title":{"rendered":"Pharma\/Food"},"content":{"rendered":"","protected":false},"excerpt":{"rendered":"","protected":false},"author":1,"featured_media":2278,"parent":1994,"menu_order":0,"comment_status":"closed","ping_status":"closed","template":"page_builder.php","meta":{"footnotes":""},"categories":[134],"tags":[],"class_list":["post-2001","page","type-page","status-publish","has-post-thumbnail","hentry","category-pharma"],"yoast_head":"<!-- This site is optimized with the Yoast SEO plugin v27.3 - https:\/\/yoast.com\/product\/yoast-seo-wordpress\/ -->\n<title>H\u00f6chste Hygienestandards f\u00fcr Pharma und Food<\/title>\n<meta name=\"description\" content=\"Hygienisch, sicher, individuell: Spezialprodukte f\u00fcr Pharma &amp; Food \u2013 GMP-\/HACCP-konform. Ideal f\u00fcr Reinr\u00e4ume &amp; sensible Produktionsbereiche.\" \/>\n<meta name=\"robots\" content=\"index, follow, max-snippet:-1, max-image-preview:large, max-video-preview:-1\" \/>\n<link rel=\"canonical\" href=\"https:\/\/www.hurtz.de\/en\/geschaeftsbereiche\/pharma-food\/\" \/>\n<meta property=\"og:locale\" content=\"en_GB\" \/>\n<meta property=\"og:type\" content=\"article\" \/>\n<meta property=\"og:title\" content=\"H\u00f6chste Hygienestandards f\u00fcr Pharma und Food\" \/>\n<meta property=\"og:description\" content=\"Hygienisch, sicher, individuell: Spezialprodukte f\u00fcr Pharma &amp; Food \u2013 GMP-\/HACCP-konform. Ideal f\u00fcr Reinr\u00e4ume &amp; sensible Produktionsbereiche.\" \/>\n<meta property=\"og:url\" content=\"https:\/\/www.hurtz.de\/en\/geschaeftsbereiche\/pharma-food\/\" \/>\n<meta property=\"og:site_name\" content=\"Anton Hurtz GmbH &amp; Co. KG\" \/>\n<meta property=\"article:modified_time\" content=\"2026-03-27T10:52:21+00:00\" \/>\n<meta property=\"og:image\" content=\"https:\/\/www.hurtz.de\/wp-content\/uploads\/2020\/08\/Paletten-der-Firma-Hurtz.jpg\" \/>\n\t<meta property=\"og:image:width\" content=\"2444\" \/>\n\t<meta property=\"og:image:height\" content=\"1802\" \/>\n\t<meta property=\"og:image:type\" content=\"image\/jpeg\" \/>\n<meta name=\"twitter:card\" content=\"summary_large_image\" \/>\n<meta name=\"twitter:label1\" content=\"Estimated reading time\" \/>\n\t<meta name=\"twitter:data1\" content=\"1 minute\" \/>\n<script type=\"application\/ld+json\" class=\"yoast-schema-graph\">{\"@context\":\"https:\\\/\\\/schema.org\",\"@graph\":[{\"@type\":\"WebPage\",\"@id\":\"https:\\\/\\\/www.hurtz.de\\\/geschaeftsbereiche\\\/pharma-food\\\/\",\"url\":\"https:\\\/\\\/www.hurtz.de\\\/geschaeftsbereiche\\\/pharma-food\\\/\",\"name\":\"H\u00f6chste Hygienestandards f\u00fcr Pharma und Food\",\"isPartOf\":{\"@id\":\"https:\\\/\\\/www.hurtz.de\\\/#website\"},\"primaryImageOfPage\":{\"@id\":\"https:\\\/\\\/www.hurtz.de\\\/geschaeftsbereiche\\\/pharma-food\\\/#primaryimage\"},\"image\":{\"@id\":\"https:\\\/\\\/www.hurtz.de\\\/geschaeftsbereiche\\\/pharma-food\\\/#primaryimage\"},\"thumbnailUrl\":\"https:\\\/\\\/www.hurtz.de\\\/wp-content\\\/uploads\\\/2020\\\/08\\\/Paletten-der-Firma-Hurtz.jpg\",\"datePublished\":\"2020-08-19T10:29:21+00:00\",\"dateModified\":\"2026-03-27T10:52:21+00:00\",\"description\":\"Hygienisch, sicher, individuell: Spezialprodukte f\u00fcr Pharma & Food \u2013 GMP-\\\/HACCP-konform. Ideal f\u00fcr Reinr\u00e4ume & sensible Produktionsbereiche.\",\"breadcrumb\":{\"@id\":\"https:\\\/\\\/www.hurtz.de\\\/geschaeftsbereiche\\\/pharma-food\\\/#breadcrumb\"},\"inLanguage\":\"en-GB\",\"potentialAction\":[{\"@type\":\"ReadAction\",\"target\":[\"https:\\\/\\\/www.hurtz.de\\\/geschaeftsbereiche\\\/pharma-food\\\/\"]}]},{\"@type\":\"ImageObject\",\"inLanguage\":\"en-GB\",\"@id\":\"https:\\\/\\\/www.hurtz.de\\\/geschaeftsbereiche\\\/pharma-food\\\/#primaryimage\",\"url\":\"https:\\\/\\\/www.hurtz.de\\\/wp-content\\\/uploads\\\/2020\\\/08\\\/Paletten-der-Firma-Hurtz.jpg\",\"contentUrl\":\"https:\\\/\\\/www.hurtz.de\\\/wp-content\\\/uploads\\\/2020\\\/08\\\/Paletten-der-Firma-Hurtz.jpg\",\"width\":2444,\"height\":1802,\"caption\":\"Paletten der Firma Hurtz\"},{\"@type\":\"BreadcrumbList\",\"@id\":\"https:\\\/\\\/www.hurtz.de\\\/geschaeftsbereiche\\\/pharma-food\\\/#breadcrumb\",\"itemListElement\":[{\"@type\":\"ListItem\",\"position\":1,\"name\":\"Startseite\",\"item\":\"https:\\\/\\\/www.hurtz.de\\\/\"},{\"@type\":\"ListItem\",\"position\":2,\"name\":\"Gesch\u00e4ftsbereiche\",\"item\":\"https:\\\/\\\/www.hurtz.de\\\/geschaeftsbereiche\\\/\"},{\"@type\":\"ListItem\",\"position\":3,\"name\":\"Pharma\\\/Food\"}]},{\"@type\":\"WebSite\",\"@id\":\"https:\\\/\\\/www.hurtz.de\\\/#website\",\"url\":\"https:\\\/\\\/www.hurtz.de\\\/\",\"name\":\"Anton Hurtz GmbH & Co. KG\",\"description\":\"Ihr Spezialist f\u00fcr Aluminium Paletten, Container, Gitterboxen, Ladungstr\u00e4ger und Rahmen aller Art.\",\"publisher\":{\"@id\":\"https:\\\/\\\/www.hurtz.de\\\/#organization\"},\"potentialAction\":[{\"@type\":\"SearchAction\",\"target\":{\"@type\":\"EntryPoint\",\"urlTemplate\":\"https:\\\/\\\/www.hurtz.de\\\/?s={search_term_string}\"},\"query-input\":{\"@type\":\"PropertyValueSpecification\",\"valueRequired\":true,\"valueName\":\"search_term_string\"}}],\"inLanguage\":\"en-GB\"},{\"@type\":\"Organization\",\"@id\":\"https:\\\/\\\/www.hurtz.de\\\/#organization\",\"name\":\"Anton Hurtz GmbH & Co. KG\",\"url\":\"https:\\\/\\\/www.hurtz.de\\\/\",\"logo\":{\"@type\":\"ImageObject\",\"inLanguage\":\"en-GB\",\"@id\":\"https:\\\/\\\/www.hurtz.de\\\/#\\\/schema\\\/logo\\\/image\\\/\",\"url\":\"https:\\\/\\\/www.hurtz.de\\\/wp-content\\\/uploads\\\/2020\\\/08\\\/Logo_Hurtz_2020-1.png\",\"contentUrl\":\"https:\\\/\\\/www.hurtz.de\\\/wp-content\\\/uploads\\\/2020\\\/08\\\/Logo_Hurtz_2020-1.png\",\"width\":120,\"height\":82,\"caption\":\"Anton Hurtz GmbH & Co. KG\"},\"image\":{\"@id\":\"https:\\\/\\\/www.hurtz.de\\\/#\\\/schema\\\/logo\\\/image\\\/\"},\"sameAs\":[\"https:\\\/\\\/www.linkedin.com\\\/company\\\/anton-hurtz\",\"https:\\\/\\\/www.xing.com\\\/pages\\\/antonhurtz\",\"https:\\\/\\\/www.youtube.com\\\/channel\\\/UCsG4r489nNVELiFYpP0WxnQ\"]}]}<\/script>\n<!-- \/ Yoast SEO plugin. -->","yoast_head_json":{"title":"H\u00f6chste Hygienestandards f\u00fcr Pharma und Food","description":"Hygienisch, sicher, individuell: Spezialprodukte f\u00fcr Pharma & Food \u2013 GMP-\/HACCP-konform. Ideal f\u00fcr Reinr\u00e4ume & sensible Produktionsbereiche.","robots":{"index":"index","follow":"follow","max-snippet":"max-snippet:-1","max-image-preview":"max-image-preview:large","max-video-preview":"max-video-preview:-1"},"canonical":"https:\/\/www.hurtz.de\/en\/geschaeftsbereiche\/pharma-food\/","og_locale":"en_GB","og_type":"article","og_title":"H\u00f6chste Hygienestandards f\u00fcr Pharma und Food","og_description":"Hygienisch, sicher, individuell: Spezialprodukte f\u00fcr Pharma & Food \u2013 GMP-\/HACCP-konform. Ideal f\u00fcr Reinr\u00e4ume & sensible Produktionsbereiche.","og_url":"https:\/\/www.hurtz.de\/en\/geschaeftsbereiche\/pharma-food\/","og_site_name":"Anton Hurtz GmbH &amp; Co. KG","article_modified_time":"2026-03-27T10:52:21+00:00","og_image":[{"width":2444,"height":1802,"url":"https:\/\/www.hurtz.de\/wp-content\/uploads\/2020\/08\/Paletten-der-Firma-Hurtz.jpg","type":"image\/jpeg"}],"twitter_card":"summary_large_image","twitter_misc":{"Estimated reading time":"1 minute"},"schema":{"@context":"https:\/\/schema.org","@graph":[{"@type":"WebPage","@id":"https:\/\/www.hurtz.de\/geschaeftsbereiche\/pharma-food\/","url":"https:\/\/www.hurtz.de\/geschaeftsbereiche\/pharma-food\/","name":"H\u00f6chste Hygienestandards f\u00fcr Pharma und Food","isPartOf":{"@id":"https:\/\/www.hurtz.de\/#website"},"primaryImageOfPage":{"@id":"https:\/\/www.hurtz.de\/geschaeftsbereiche\/pharma-food\/#primaryimage"},"image":{"@id":"https:\/\/www.hurtz.de\/geschaeftsbereiche\/pharma-food\/#primaryimage"},"thumbnailUrl":"https:\/\/www.hurtz.de\/wp-content\/uploads\/2020\/08\/Paletten-der-Firma-Hurtz.jpg","datePublished":"2020-08-19T10:29:21+00:00","dateModified":"2026-03-27T10:52:21+00:00","description":"Hygienisch, sicher, individuell: Spezialprodukte f\u00fcr Pharma & Food \u2013 GMP-\/HACCP-konform. Ideal f\u00fcr Reinr\u00e4ume & sensible Produktionsbereiche.","breadcrumb":{"@id":"https:\/\/www.hurtz.de\/geschaeftsbereiche\/pharma-food\/#breadcrumb"},"inLanguage":"en-GB","potentialAction":[{"@type":"ReadAction","target":["https:\/\/www.hurtz.de\/geschaeftsbereiche\/pharma-food\/"]}]},{"@type":"ImageObject","inLanguage":"en-GB","@id":"https:\/\/www.hurtz.de\/geschaeftsbereiche\/pharma-food\/#primaryimage","url":"https:\/\/www.hurtz.de\/wp-content\/uploads\/2020\/08\/Paletten-der-Firma-Hurtz.jpg","contentUrl":"https:\/\/www.hurtz.de\/wp-content\/uploads\/2020\/08\/Paletten-der-Firma-Hurtz.jpg","width":2444,"height":1802,"caption":"Paletten der Firma Hurtz"},{"@type":"BreadcrumbList","@id":"https:\/\/www.hurtz.de\/geschaeftsbereiche\/pharma-food\/#breadcrumb","itemListElement":[{"@type":"ListItem","position":1,"name":"Startseite","item":"https:\/\/www.hurtz.de\/"},{"@type":"ListItem","position":2,"name":"Gesch\u00e4ftsbereiche","item":"https:\/\/www.hurtz.de\/geschaeftsbereiche\/"},{"@type":"ListItem","position":3,"name":"Pharma\/Food"}]},{"@type":"WebSite","@id":"https:\/\/www.hurtz.de\/#website","url":"https:\/\/www.hurtz.de\/","name":"Anton Hurtz GmbH & Co. KG","description":"Ihr Spezialist f\u00fcr Aluminium Paletten, Container, Gitterboxen, Ladungstr\u00e4ger und Rahmen aller Art.","publisher":{"@id":"https:\/\/www.hurtz.de\/#organization"},"potentialAction":[{"@type":"SearchAction","target":{"@type":"EntryPoint","urlTemplate":"https:\/\/www.hurtz.de\/?s={search_term_string}"},"query-input":{"@type":"PropertyValueSpecification","valueRequired":true,"valueName":"search_term_string"}}],"inLanguage":"en-GB"},{"@type":"Organization","@id":"https:\/\/www.hurtz.de\/#organization","name":"Anton Hurtz GmbH & Co. KG","url":"https:\/\/www.hurtz.de\/","logo":{"@type":"ImageObject","inLanguage":"en-GB","@id":"https:\/\/www.hurtz.de\/#\/schema\/logo\/image\/","url":"https:\/\/www.hurtz.de\/wp-content\/uploads\/2020\/08\/Logo_Hurtz_2020-1.png","contentUrl":"https:\/\/www.hurtz.de\/wp-content\/uploads\/2020\/08\/Logo_Hurtz_2020-1.png","width":120,"height":82,"caption":"Anton Hurtz GmbH & Co. KG"},"image":{"@id":"https:\/\/www.hurtz.de\/#\/schema\/logo\/image\/"},"sameAs":["https:\/\/www.linkedin.com\/company\/anton-hurtz","https:\/\/www.xing.com\/pages\/antonhurtz","https:\/\/www.youtube.com\/channel\/UCsG4r489nNVELiFYpP0WxnQ"]}]}},"_links":{"self":[{"href":"https:\/\/www.hurtz.de\/en\/wp-json\/wp\/v2\/pages\/2001","targetHints":{"allow":["GET"]}}],"collection":[{"href":"https:\/\/www.hurtz.de\/en\/wp-json\/wp\/v2\/pages"}],"about":[{"href":"https:\/\/www.hurtz.de\/en\/wp-json\/wp\/v2\/types\/page"}],"author":[{"embeddable":true,"href":"https:\/\/www.hurtz.de\/en\/wp-json\/wp\/v2\/users\/1"}],"replies":[{"embeddable":true,"href":"https:\/\/www.hurtz.de\/en\/wp-json\/wp\/v2\/comments?post=2001"}],"version-history":[{"count":11,"href":"https:\/\/www.hurtz.de\/en\/wp-json\/wp\/v2\/pages\/2001\/revisions"}],"predecessor-version":[{"id":3754,"href":"https:\/\/www.hurtz.de\/en\/wp-json\/wp\/v2\/pages\/2001\/revisions\/3754"}],"up":[{"embeddable":true,"href":"https:\/\/www.hurtz.de\/en\/wp-json\/wp\/v2\/pages\/1994"}],"wp:featuredmedia":[{"embeddable":true,"href":"https:\/\/www.hurtz.de\/en\/wp-json\/wp\/v2\/media\/2278"}],"wp:attachment":[{"href":"https:\/\/www.hurtz.de\/en\/wp-json\/wp\/v2\/media?parent=2001"}],"wp:term":[{"taxonomy":"category","embeddable":true,"href":"https:\/\/www.hurtz.de\/en\/wp-json\/wp\/v2\/categories?post=2001"},{"taxonomy":"post_tag","embeddable":true,"href":"https:\/\/www.hurtz.de\/en\/wp-json\/wp\/v2\/tags?post=2001"}],"curies":[{"name":"wp","href":"https:\/\/api.w.org\/{rel}","templated":true}]}}